{"id":264,"date":"2020-07-29T20:20:59","date_gmt":"2020-07-29T20:20:59","guid":{"rendered":"https:\/\/turismo.comonfort.gob.mx\/?page_id=264"},"modified":"2024-07-26T18:38:17","modified_gmt":"2024-07-26T18:38:17","slug":"eventos","status":"publish","type":"page","link":"https:\/\/turismo.comonfort.gob.mx\/?page_id=264","title":{"rendered":"Eventos"},"content":{"rendered":"\t\t<div data-elementor-type=\"wp-page\" data-elementor-id=\"264\" class=\"elementor elementor-264\">\n\t\t\t\t\t\t<section class=\"elementor-section elementor-top-section elementor-element elementor-element-8052c62 elementor-section-content-middle elementor-section-boxed elementor-section-height-default elementor-section-height-default elementor-invisible\" data-id=\"8052c62\" data-element_type=\"section\" data-settings=\"{&quot;background_background&quot;:&quot;classic&quot;,&quot;animation&quot;:&quot;fadeIn&quot;,&quot;animation_delay&quot;:200}\">\n\t\t\t\t\t\t\t<div class=\"elementor-background-overlay\"><\/div>\n\t\t\t\t\t\t\t<div class=\"elementor-container elementor-column-gap-default\">\n\t\t\t\t\t<div class=\"elementor-column elementor-col-100 elementor-top-column elementor-element elementor-element-a8af64d\" data-id=\"a8af64d\" data-element_type=\"column\">\n\t\t\t<div class=\"elementor-widget-wrap elementor-element-populated\">\n\t\t\t\t\t\t<div class=\"elementor-element elementor-element-3f30930 elementor-widget elementor-widget-heading\" data-id=\"3f30930\" data-element_type=\"widget\" data-widget_type=\"heading.default\">\n\t\t\t\t<div class=\"elementor-widget-container\">\n\t\t\t<h2 class=\"elementor-heading-title elementor-size-default\">Eventos<\/h2>\t\t<\/div>\n\t\t\t\t<\/div>\n\t\t\t\t<div class=\"elementor-element elementor-element-2842951 elementor-widget elementor-widget-heading\" data-id=\"2842951\" data-element_type=\"widget\" data-widget_type=\"heading.default\">\n\t\t\t\t<div class=\"elementor-widget-container\">\n\t\t\t<h2 class=\"elementor-heading-title elementor-size-default\">Descubre cu\u00e1ndo podr\u00e1s sorprenderte con las vivas tradiciones de \u00e9ste pueblo m\u00e1gico<\/h2>\t\t<\/div>\n\t\t\t\t<\/div>\n\t\t\t\t<div class=\"elementor-element elementor-element-667798c elementor-widget-divider--view-line elementor-widget elementor-widget-divider\" data-id=\"667798c\" data-element_type=\"widget\" data-widget_type=\"divider.default\">\n\t\t\t\t<div class=\"elementor-widget-container\">\n\t\t\t\t\t<div class=\"elementor-divider\">\n\t\t\t<span class=\"elementor-divider-separator\">\n\t\t\t\t\t\t<\/span>\n\t\t<\/div>\n\t\t\t\t<\/div>\n\t\t\t\t<\/div>\n\t\t\t\t<div class=\"elementor-element elementor-element-c609489 elementor-widget elementor-widget-spacer\" data-id=\"c609489\" data-element_type=\"widget\" data-widget_type=\"spacer.default\">\n\t\t\t\t<div class=\"elementor-widget-container\">\n\t\t\t\t\t<div class=\"elementor-spacer\">\n\t\t\t<div class=\"elementor-spacer-inner\"><\/div>\n\t\t<\/div>\n\t\t\t\t<\/div>\n\t\t\t\t<\/div>\n\t\t\t\t<div class=\"elementor-element elementor-element-fc68752 elementor-widget elementor-widget-spacer\" data-id=\"fc68752\" data-element_type=\"widget\" data-widget_type=\"spacer.default\">\n\t\t\t\t<div class=\"elementor-widget-container\">\n\t\t\t\t\t<div class=\"elementor-spacer\">\n\t\t\t<div class=\"elementor-spacer-inner\"><\/div>\n\t\t<\/div>\n\t\t\t\t<\/div>\n\t\t\t\t<\/div>\n\t\t\t\t\t<\/div>\n\t\t<\/div>\n\t\t\t\t\t<\/div>\n\t\t<\/section>\n\t\t\t\t<section class=\"elementor-section elementor-top-section elementor-element elementor-element-7f39792 elementor-section-boxed elementor-section-height-default elementor-section-height-default\" data-id=\"7f39792\" data-element_type=\"section\">\n\t\t\t\t\t\t<div class=\"elementor-container elementor-column-gap-default\">\n\t\t\t\t\t<div class=\"elementor-column elementor-col-100 elementor-top-column elementor-element elementor-element-835c33a\" data-id=\"835c33a\" data-element_type=\"column\">\n\t\t\t<div class=\"elementor-widget-wrap elementor-element-populated\">\n\t\t\t\t\t\t<div class=\"elementor-element elementor-element-284de52 elementor-widget elementor-widget-spacer\" data-id=\"284de52\" data-element_type=\"widget\" data-widget_type=\"spacer.default\">\n\t\t\t\t<div class=\"elementor-widget-container\">\n\t\t\t\t\t<div class=\"elementor-spacer\">\n\t\t\t<div class=\"elementor-spacer-inner\"><\/div>\n\t\t<\/div>\n\t\t\t\t<\/div>\n\t\t\t\t<\/div>\n\t\t\t\t<div class=\"elementor-element elementor-element-36095dd elementor-widget elementor-widget-heading\" data-id=\"36095dd\" data-element_type=\"widget\" data-widget_type=\"heading.default\">\n\t\t\t\t<div class=\"elementor-widget-container\">\n\t\t\t<h2 class=\"elementor-heading-title elementor-size-default\">\u00bfSabes que habr\u00e1 cuando vengas?<\/h2>\t\t<\/div>\n\t\t\t\t<\/div>\n\t\t\t\t<section class=\"elementor-section elementor-inner-section elementor-element elementor-element-6f31241 elementor-section-boxed elementor-section-height-default elementor-section-height-default\" data-id=\"6f31241\" data-element_type=\"section\">\n\t\t\t\t\t\t<div class=\"elementor-container elementor-column-gap-default\">\n\t\t\t\t\t<div class=\"elementor-column elementor-col-33 elementor-inner-column elementor-element elementor-element-eaa6488\" data-id=\"eaa6488\" data-element_type=\"column\" data-settings=\"{&quot;background_background&quot;:&quot;classic&quot;}\">\n\t\t\t<div class=\"elementor-widget-wrap elementor-element-populated\">\n\t\t\t\t\t\t<div class=\"elementor-element elementor-element-7795db5 elementor-widget elementor-widget-call-to-action\" data-id=\"7795db5\" data-element_type=\"widget\" data-widget_type=\"call-to-action.default\">\n\t\t\t\t<div class=\"elementor-widget-container\">\n\t\t\t \t\t<\/div>\n\t\t\t\t<\/div>\n\t\t\t\t\t<\/div>\n\t\t<\/div>\n\t\t\t\t<div class=\"elementor-column elementor-col-33 elementor-inner-column elementor-element elementor-element-5482593\" data-id=\"5482593\" data-element_type=\"column\" data-settings=\"{&quot;background_background&quot;:&quot;classic&quot;}\">\n\t\t\t<div class=\"elementor-widget-wrap elementor-element-populated\">\n\t\t\t\t\t\t<div class=\"elementor-element elementor-element-889a84a elementor-widget elementor-widget-call-to-action\" data-id=\"889a84a\" data-element_type=\"widget\" data-widget_type=\"call-to-action.default\">\n\t\t\t\t<div class=\"elementor-widget-container\">\n\t\t\t \t\t<\/div>\n\t\t\t\t<\/div>\n\t\t\t\t\t<\/div>\n\t\t<\/div>\n\t\t\t\t<div class=\"elementor-column elementor-col-33 elementor-inner-column elementor-element elementor-element-959ad6d\" data-id=\"959ad6d\" data-element_type=\"column\" data-settings=\"{&quot;background_background&quot;:&quot;classic&quot;}\">\n\t\t\t<div class=\"elementor-widget-wrap elementor-element-populated\">\n\t\t\t\t\t\t<div class=\"elementor-element elementor-element-e124946 elementor-widget elementor-widget-call-to-action\" data-id=\"e124946\" data-element_type=\"widget\" data-widget_type=\"call-to-action.default\">\n\t\t\t\t<div class=\"elementor-widget-container\">\n\t\t\t \t\t<\/div>\n\t\t\t\t<\/div>\n\t\t\t\t\t<\/div>\n\t\t<\/div>\n\t\t\t\t\t<\/div>\n\t\t<\/section>\n\t\t\t\t\t<\/div>\n\t\t<\/div>\n\t\t\t\t\t<\/div>\n\t\t<\/section>\n\t\t\t\t<section class=\"elementor-section elementor-top-section elementor-element elementor-element-1c074a9 elementor-section-boxed elementor-section-height-default elementor-section-height-default\" data-id=\"1c074a9\" data-element_type=\"section\">\n\t\t\t\t\t\t<div class=\"elementor-container elementor-column-gap-default\">\n\t\t\t\t\t<div class=\"elementor-column elementor-col-66 elementor-top-column elementor-element elementor-element-7351cc7\" data-id=\"7351cc7\" data-element_type=\"column\">\n\t\t\t<div class=\"elementor-widget-wrap elementor-element-populated\">\n\t\t\t\t\t\t<div class=\"elementor-element elementor-element-9ce57af elementor-widget elementor-widget-text-editor\" data-id=\"9ce57af\" data-element_type=\"widget\" data-widget_type=\"text-editor.default\">\n\t\t\t\t<div class=\"elementor-widget-container\">\n\t\t\t\t\t\t\t<b>1\u00b0 DE ENERO ANIVERSARIO DE LA FUNDACI\u00d3N<\/b>\n<br><br>\nEl d\u00eda 1\u00b0. De Enero se celebra el aniversario de la fundaci\u00f3n de Comonfort, con m\u00fasica\u00a0 en el Jard\u00edn Principal y venta de comida en su andador, charlas sobre hechos trascendentes de su historia y por la tarde un baile popular y fuegos pirot\u00e9cnicos en la Plaza C\u00edvica Dr. Mora.\n<br><br>\n<b>EQUINOCCIO DE PRIMAVERA<\/b>\n<br><br>\nSe acostumbra subir a la pir\u00e1mide de Ordu\u00f1a o al Cerrito de Soria a participar en los rituales para llenarse de energ\u00eda positiva, disfrutar de platillos y dulces t\u00edpicos, danzas de concheros y conferencias.\n<br><br>\n<b>SEMANA SANTA<\/b>\n<br><br>\nEs una celebraci\u00f3n tradicional que incluye representaciones de la Pasi\u00f3n de Cristo. Se celebra en la Loma de San Isidro, en Empalme Escobedo, en el Ranchito de Soria y en la Cabecera Municipal.\n<br><br>\n<b>24 DE MAYO, FIESTA DE MAR\u00cdA AUXILIADORA<\/b>\n<br><br>\nEste es un festejo tradicional de los ferrocarrileros el d\u00eda 24 de Mayo. Se hace en Empalme Escobedo para celebrar a su Santa Patrona. Hay peregrinaciones, se hace feria comercial y artesanal, bailes populares y fuegos artificiales.\n<br><br>\n<b>13 DE JUNIO, FIESTA DE SAN ANTONIO DE PADUA<\/b>\n<br><br>\nSe celebra a este santo afuera de la Capilla dedicada a su veneraci\u00f3n, frente al Jard\u00edn Principal, en la Plaza 5 de Febrero. Hay m\u00fasica en vivo, fuegos artificiales y se ofrece comida a las personas que visitan al Santo.\n<br><br>\n<b>FIESTA DE CORPUS CHRISTI, O DE LOS GREMIOS<\/b>\n<br><br>\nA mediados de Junio, afuera de la Parroquia de San Francisco de As\u00eds, se hace una novena con festejos y fuegos pirot\u00e9cnicos todos los d\u00edas. No hay otro lugar en el pa\u00eds donde la celebraci\u00f3n est\u00e9 organizada de esta manera, la participaci\u00f3n de cada gremio obedece al siguiente orden: <b>D\u00eda 1<\/b>, Comerciantes; <b>D\u00eda 2,<\/b> Carpinteros; <b>D\u00eda 3,<\/b> Filarm\u00f3nicos y Profesores; <b>D\u00eda 4,<\/b> Campesinos; <b>D\u00eda 5,<\/b> Servidores P\u00fablicos y Trapicheros; <b>D\u00eda 6,<\/b> Carniceros y Tablajeros; <b>D\u00eda 7,<\/b> Panaderos y Asociados; <b>D\u00eda 8,<\/b> Alba\u00f1iles y Ladrilleros, y <b>D\u00eda 9,<\/b> Choferes. Su objetivo es la preparaci\u00f3n del Sant\u00edsimo Sacramento de la Eucarist\u00eda para el Jueves de Corpus.\n<br><br>\n<b>25 DE JULIO , FIESTA DE SANTIAGO APOSTOL<\/b>\n<br><br>\nEs una tradici\u00f3n en la Comunidad de Neutla celebrar a San Santiago Ap\u00f3stol, patr\u00f3n de ese lugar; llegan peregrinaciones, y se realizan torneos de gallos, carreras de caballos, feria comercial y artesanal, jaripeos, bailes tradicionales y populares, sin faltar la pirotecnia. En Enero se realiza una que llaman \u201cmedia fiesta\u201d, con similares caracter\u00edsticas.\n<br><br>\n<b>A PARTIR DEL 2 DE SEPTIEMBRE , SEMANA CULTURAL<\/b>\n<br><br>\nEs toda una semana de eventos culturales para conmemorar el aniversario del nacimiento de tan ilustre personaje orgullosamente comonforense.\n<br><br>\n<b>4 DE OCTUBRE, FIESTA A SAN FRANCISCO DE AS\u00cdS<\/b>\n<br><br>\nEsta es la fiesta m\u00e1s grande del pueblo, ya que es la del Santo Patr\u00f3n del Municipio. Hay danzas prehisp\u00e1nicas, fuegos pirot\u00e9cnicos, baile popular y gastronom\u00eda.\n<br><br>\n<b>FESTIVAL DE LA TORTILLA CEREMONIAL<\/b>\n<br><br>\nEvento que se realiza en el mes de Octubre, que consta de muestra gastron\u00f3mica por parte de Cocineras Tradicionales, tanto de Comonfort, Pueblo M\u00e1gico, como invitadas de otros Municipios, concurso entre artesanos de elaboraci\u00f3n de molcajetes y metates, concurso de elaboraci\u00f3n de salsas entre personas de la comunidad y estudiantes de gastronom\u00eda de universidades de la Regi\u00f3n, muestra artesanal y v\u00ednica, talleres y conferencias relacionadas con temas gastron\u00f3micos sobre cocina tradicional o prehisp\u00e1nica. Se celebra en la Plaza C\u00edvica Dr. Mora, en horarios de 10:00 a 19:00 y tiene una duraci\u00f3n de dos d\u00edas, sin costo de entrada, el visitante paga sus compras y consumos.\n<br><br>\n<b>LAS FIESTAS DE LOS REMEDIOS<\/b>\n<br><br>\nLa primera se celebra el d\u00eda 1\u00ba. de Septiembre, seg\u00fan el calendario religioso; llegan peregrinaciones de Ciudad de M\u00e9xico, San Miguel de Allende, Quer\u00e9taro y Celaya. La segunda es una celebraci\u00f3n que dura cuatro d\u00edas y se lleva a cabo dentro de los \u00faltimos 10 d\u00edas de Noviembre. Se festeja a Mar\u00eda en su advocaci\u00f3n de Virgen de Los Remedios, con bandas de m\u00fasica, danzas de apaches, del torito, de la rosa, de los concheros, de la sonaja y la azteca. Se instala una muestra artesanal y comercial, hay juegos mec\u00e1nicos, fuegos pirot\u00e9cnicos y bailes populares.\n<br><br>\n<b>PROCESI\u00d3N DE FIN DE A\u00d1O<\/b>\n<br><br>\nEs tradici\u00f3n adornar las principales calles del Centro Hist\u00f3rico de Comonfort con coloridos tapetes de aserr\u00edn, se adornan con flores, telas y cortinas de diferentes materiales formando estaciones por calle. Se hace la noche del 31 de Diciembre para dar gracias al sant\u00edsimo por lo logrado en el a\u00f1o y darle la bienvenida al a\u00f1o nuevo.\n<br><br>\n<b>La mayor\u00eda de nuestros eventos y festejos son gratuitos, dirigidos a visitantes, turistas y poblaci\u00f3n en general. Ordinariamente la derrama econ\u00f3mica que se recibe est\u00e1 en el hospedaje que algunos pagan, la compra de comida, artesan\u00edas y otros recuerdos.<\/b>\t\t\t\t\t\t<\/div>\n\t\t\t\t<\/div>\n\t\t\t\t\t<\/div>\n\t\t<\/div>\n\t\t\t\t<div class=\"elementor-column elementor-col-33 elementor-top-column elementor-element elementor-element-2851ca4\" data-id=\"2851ca4\" data-element_type=\"column\" data-settings=\"{&quot;background_background&quot;:&quot;classic&quot;}\">\n\t\t\t<div class=\"elementor-widget-wrap\">\n\t\t\t\t\t\t\t<\/div>\n\t\t<\/div>\n\t\t\t\t\t<\/div>\n\t\t<\/section>\n\t\t\t\t<\/div>\n\t\t","protected":false},"excerpt":{"rendered":"<p>Eventos Descubre cu\u00e1ndo podr\u00e1s sorprenderte con las vivas tradiciones de \u00e9ste pueblo m\u00e1gico \u00bfSabes que habr\u00e1 cuando vengas? Festival Nacional de Danzas se realiza en el mes de marzo, y re\u00fane a m\u00e1s de 800 danzantes de distintos estados de la Rep\u00fablica Ver m\u00e1s Festival de La Tortilla Ceremonial Evento que se realiza en el &hellip; <\/p>\n<p class=\"link-more\"><a href=\"https:\/\/turismo.comonfort.gob.mx\/?page_id=264\" class=\"more-link\">Continuar leyendo<span class=\"screen-reader-text\"> \u00abEventos\u00bb<\/span><\/a><\/p>\n","protected":false},"author":1,"featured_media":0,"parent":0,"menu_order":0,"comment_status":"closed","ping_status":"closed","template":"elementor_header_footer","meta":{"footnotes":""},"_links":{"self":[{"href":"https:\/\/turismo.comonfort.gob.mx\/index.php?rest_route=\/wp\/v2\/pages\/264"}],"collection":[{"href":"https:\/\/turismo.comonfort.gob.mx\/index.php?rest_route=\/wp\/v2\/pages"}],"about":[{"href":"https:\/\/turismo.comonfort.gob.mx\/index.php?rest_route=\/wp\/v2\/types\/page"}],"author":[{"embeddable":true,"href":"https:\/\/turismo.comonfort.gob.mx\/index.php?rest_route=\/wp\/v2\/users\/1"}],"replies":[{"embeddable":true,"href":"https:\/\/turismo.comonfort.gob.mx\/index.php?rest_route=%2Fwp%2Fv2%2Fcomments&post=264"}],"version-history":[{"count":60,"href":"https:\/\/turismo.comonfort.gob.mx\/index.php?rest_route=\/wp\/v2\/pages\/264\/revisions"}],"predecessor-version":[{"id":3329,"href":"https:\/\/turismo.comonfort.gob.mx\/index.php?rest_route=\/wp\/v2\/pages\/264\/revisions\/3329"}],"wp:attachment":[{"href":"https:\/\/turismo.comonfort.gob.mx\/index.php?rest_route=%2Fwp%2Fv2%2Fmedia&parent=264"}],"curies":[{"name":"wp","href":"https:\/\/api.w.org\/{rel}","templated":true}]}}