{"id":272,"date":"2020-07-30T14:37:37","date_gmt":"2020-07-30T14:37:37","guid":{"rendered":"https:\/\/turismo.comonfort.gob.mx\/?page_id=272"},"modified":"2024-07-26T19:51:36","modified_gmt":"2024-07-26T19:51:36","slug":"noticias","status":"publish","type":"page","link":"https:\/\/turismo.comonfort.gob.mx\/?page_id=272","title":{"rendered":"Biblioteca"},"content":{"rendered":"\t\t<div data-elementor-type=\"wp-page\" data-elementor-id=\"272\" class=\"elementor elementor-272\">\n\t\t\t\t\t\t<section class=\"elementor-section elementor-top-section elementor-element elementor-element-e330493 elementor-section-content-middle elementor-section-boxed elementor-section-height-default elementor-section-height-default elementor-invisible\" data-id=\"e330493\" data-element_type=\"section\" data-settings=\"{&quot;background_background&quot;:&quot;classic&quot;,&quot;animation&quot;:&quot;fadeIn&quot;,&quot;animation_delay&quot;:200}\">\n\t\t\t\t\t\t\t<div class=\"elementor-background-overlay\"><\/div>\n\t\t\t\t\t\t\t<div class=\"elementor-container elementor-column-gap-default\">\n\t\t\t\t\t<div class=\"elementor-column elementor-col-100 elementor-top-column elementor-element elementor-element-ca25db6\" data-id=\"ca25db6\" data-element_type=\"column\">\n\t\t\t<div class=\"elementor-widget-wrap elementor-element-populated\">\n\t\t\t\t\t\t<div class=\"elementor-element elementor-element-41c7fe4 elementor-widget elementor-widget-heading\" data-id=\"41c7fe4\" data-element_type=\"widget\" data-widget_type=\"heading.default\">\n\t\t\t\t<div class=\"elementor-widget-container\">\n\t\t\t<h2 class=\"elementor-heading-title elementor-size-default\">Biblioteca Digital<\/h2>\t\t<\/div>\n\t\t\t\t<\/div>\n\t\t\t\t<div class=\"elementor-element elementor-element-4929cd2 elementor-widget elementor-widget-heading\" data-id=\"4929cd2\" data-element_type=\"widget\" data-widget_type=\"heading.default\">\n\t\t\t\t<div class=\"elementor-widget-container\">\n\t\t\t<h2 class=\"elementor-heading-title elementor-size-default\">Sum\u00e9rgete en la historia de Comonfort<\/h2>\t\t<\/div>\n\t\t\t\t<\/div>\n\t\t\t\t<div class=\"elementor-element elementor-element-0cfc5df elementor-widget-divider--view-line elementor-widget elementor-widget-divider\" data-id=\"0cfc5df\" data-element_type=\"widget\" data-widget_type=\"divider.default\">\n\t\t\t\t<div class=\"elementor-widget-container\">\n\t\t\t\t\t<div class=\"elementor-divider\">\n\t\t\t<span class=\"elementor-divider-separator\">\n\t\t\t\t\t\t<\/span>\n\t\t<\/div>\n\t\t\t\t<\/div>\n\t\t\t\t<\/div>\n\t\t\t\t<div class=\"elementor-element elementor-element-93cce58 elementor-widget elementor-widget-spacer\" data-id=\"93cce58\" data-element_type=\"widget\" data-widget_type=\"spacer.default\">\n\t\t\t\t<div class=\"elementor-widget-container\">\n\t\t\t\t\t<div class=\"elementor-spacer\">\n\t\t\t<div class=\"elementor-spacer-inner\"><\/div>\n\t\t<\/div>\n\t\t\t\t<\/div>\n\t\t\t\t<\/div>\n\t\t\t\t<div class=\"elementor-element elementor-element-071775a elementor-widget elementor-widget-spacer\" data-id=\"071775a\" data-element_type=\"widget\" data-widget_type=\"spacer.default\">\n\t\t\t\t<div class=\"elementor-widget-container\">\n\t\t\t\t\t<div class=\"elementor-spacer\">\n\t\t\t<div class=\"elementor-spacer-inner\"><\/div>\n\t\t<\/div>\n\t\t\t\t<\/div>\n\t\t\t\t<\/div>\n\t\t\t\t\t<\/div>\n\t\t<\/div>\n\t\t\t\t\t<\/div>\n\t\t<\/section>\n\t\t\t\t<section class=\"elementor-section elementor-top-section elementor-element elementor-element-bccc340 elementor-section-boxed elementor-section-height-default elementor-section-height-default\" data-id=\"bccc340\" data-element_type=\"section\">\n\t\t\t\t\t\t<div class=\"elementor-container elementor-column-gap-default\">\n\t\t\t\t\t<div class=\"elementor-column elementor-col-100 elementor-top-column elementor-element elementor-element-7cb95ad\" data-id=\"7cb95ad\" data-element_type=\"column\">\n\t\t\t<div class=\"elementor-widget-wrap elementor-element-populated\">\n\t\t\t\t\t\t\t<\/div>\n\t\t<\/div>\n\t\t\t\t\t<\/div>\n\t\t<\/section>\n\t\t\t\t<section class=\"elementor-section elementor-top-section elementor-element elementor-element-339bdb8 elementor-section-boxed elementor-section-height-default elementor-section-height-default\" data-id=\"339bdb8\" data-element_type=\"section\">\n\t\t\t\t\t\t<div class=\"elementor-container elementor-column-gap-default\">\n\t\t\t\t\t<div class=\"elementor-column elementor-col-100 elementor-top-column elementor-element elementor-element-c70adcd\" data-id=\"c70adcd\" data-element_type=\"column\">\n\t\t\t<div class=\"elementor-widget-wrap elementor-element-populated\">\n\t\t\t\t\t\t\t<\/div>\n\t\t<\/div>\n\t\t\t\t\t<\/div>\n\t\t<\/section>\n\t\t\t\t<section class=\"elementor-section elementor-top-section elementor-element elementor-element-1020fd3 elementor-section-boxed elementor-section-height-default elementor-section-height-default\" data-id=\"1020fd3\" data-element_type=\"section\">\n\t\t\t\t\t\t<div class=\"elementor-container elementor-column-gap-default\">\n\t\t\t\t\t<div class=\"elementor-column elementor-col-100 elementor-top-column elementor-element elementor-element-cdf3b58\" data-id=\"cdf3b58\" data-element_type=\"column\">\n\t\t\t<div class=\"elementor-widget-wrap\">\n\t\t\t\t\t\t\t<\/div>\n\t\t<\/div>\n\t\t\t\t\t<\/div>\n\t\t<\/section>\n\t\t\t\t<section class=\"elementor-section elementor-top-section elementor-element elementor-element-8ad100b elementor-section-boxed elementor-section-height-default elementor-section-height-default\" data-id=\"8ad100b\" data-element_type=\"section\">\n\t\t\t\t\t\t<div class=\"elementor-container elementor-column-gap-default\">\n\t\t\t\t\t<div class=\"elementor-column elementor-col-100 elementor-top-column elementor-element elementor-element-b090c4a\" data-id=\"b090c4a\" data-element_type=\"column\" data-settings=\"{&quot;background_background&quot;:&quot;classic&quot;}\">\n\t\t\t<div class=\"elementor-widget-wrap elementor-element-populated\">\n\t\t\t\t\t\t<div class=\"elementor-element elementor-element-3c4e840 elementor-invisible elementor-widget elementor-widget-heading\" data-id=\"3c4e840\" data-element_type=\"widget\" data-settings=\"{&quot;_animation&quot;:&quot;fadeInRight&quot;}\" data-widget_type=\"heading.default\">\n\t\t\t\t<div class=\"elementor-widget-container\">\n\t\t\t<h2 class=\"elementor-heading-title elementor-size-default\">Conoce m\u00e1s del Pueblo M\u00e1gico <\/h2>\t\t<\/div>\n\t\t\t\t<\/div>\n\t\t\t\t<div class=\"elementor-element elementor-element-c58398a elementor-widget elementor-widget-heading\" data-id=\"c58398a\" data-element_type=\"widget\" data-widget_type=\"heading.default\">\n\t\t\t\t<div class=\"elementor-widget-container\">\n\t\t\t<h2 class=\"elementor-heading-title elementor-size-default\">Biblioteca Digital<\/h2>\t\t<\/div>\n\t\t\t\t<\/div>\n\t\t\t\t<div class=\"elementor-element elementor-element-65f5f92 elementor-widget elementor-widget-heading\" data-id=\"65f5f92\" data-element_type=\"widget\" data-widget_type=\"heading.default\">\n\t\t\t\t<div class=\"elementor-widget-container\">\n\t\t\t<h2 class=\"elementor-heading-title elementor-size-default\">Darle Clic para m\u00e1s informaci\u00f3n <\/h2>\t\t<\/div>\n\t\t\t\t<\/div>\n\t\t\t\t<div class=\"elementor-element elementor-element-f3d74a3 elementor-widget elementor-widget-call-to-action\" data-id=\"f3d74a3\" data-element_type=\"widget\" data-widget_type=\"call-to-action.default\">\n\t\t\t\t<div class=\"elementor-widget-container\">\n\t\t\t \t\t<\/div>\n\t\t\t\t<\/div>\n\t\t\t\t<div class=\"elementor-element elementor-element-6d3f666 elementor-widget elementor-widget-heading\" data-id=\"6d3f666\" data-element_type=\"widget\" data-widget_type=\"heading.default\">\n\t\t\t\t<div class=\"elementor-widget-container\">\n\t\t\t<h2 class=\"elementor-heading-title elementor-size-default\">Perfil del Visitante 2023<\/h2>\t\t<\/div>\n\t\t\t\t<\/div>\n\t\t\t\t<div class=\"elementor-element elementor-element-000eabf elementor-widget elementor-widget-heading\" data-id=\"000eabf\" data-element_type=\"widget\" data-widget_type=\"heading.default\">\n\t\t\t\t<div class=\"elementor-widget-container\">\n\t\t\t<h2 class=\"elementor-heading-title elementor-size-default\">Darle Clic para m\u00e1s informaci\u00f3n <\/h2>\t\t<\/div>\n\t\t\t\t<\/div>\n\t\t\t\t<div class=\"elementor-element elementor-element-4f16513 elementor-widget elementor-widget-image\" data-id=\"4f16513\" data-element_type=\"widget\" data-widget_type=\"image.default\">\n\t\t\t\t<div class=\"elementor-widget-container\">\n\t\t\t\t\t\t\t\t\t\t\t\t\t\t<a href=\"https:\/\/www.observatorioturistico.org\/publicaciones-pdf-viewer\/713\/\">\n\t\t\t\t\t\t\t<img decoding=\"async\" src=\"https:\/\/turismo.comonfort.gob.mx\/wp-content\/uploads\/2024\/06\/PVC2023.jpg\" title=\"PVC2023\" alt=\"PVC2023\" loading=\"lazy\" \/>\t\t\t\t\t\t\t\t<\/a>\n\t\t\t\t\t\t\t\t\t\t\t\t\t<\/div>\n\t\t\t\t<\/div>\n\t\t\t\t<div class=\"elementor-element elementor-element-abdebb1 elementor-widget elementor-widget-heading\" data-id=\"abdebb1\" data-element_type=\"widget\" data-widget_type=\"heading.default\">\n\t\t\t\t<div class=\"elementor-widget-container\">\n\t\t\t<h2 class=\"elementor-heading-title elementor-size-default\">Perfil del Visitante 2022<\/h2>\t\t<\/div>\n\t\t\t\t<\/div>\n\t\t\t\t<div class=\"elementor-element elementor-element-a85e8b1 elementor-widget elementor-widget-heading\" data-id=\"a85e8b1\" data-element_type=\"widget\" data-widget_type=\"heading.default\">\n\t\t\t\t<div class=\"elementor-widget-container\">\n\t\t\t<h2 class=\"elementor-heading-title elementor-size-default\">Darle Clic para m\u00e1s informaci\u00f3n <\/h2>\t\t<\/div>\n\t\t\t\t<\/div>\n\t\t\t\t<div class=\"elementor-element elementor-element-e04f5db elementor-widget elementor-widget-image\" data-id=\"e04f5db\" data-element_type=\"widget\" data-widget_type=\"image.default\">\n\t\t\t\t<div class=\"elementor-widget-container\">\n\t\t\t\t\t\t\t\t\t\t\t\t\t\t<a href=\"https:\/\/www.observatorioturistico.org\/publicaciones-pdf-viewer\/503\/\">\n\t\t\t\t\t\t\t<img decoding=\"async\" src=\"https:\/\/turismo.comonfort.gob.mx\/wp-content\/uploads\/2023\/06\/Estudio-2022.png\" title=\"Estudio 2022\" alt=\"Estudio 2022\" loading=\"lazy\" \/>\t\t\t\t\t\t\t\t<\/a>\n\t\t\t\t\t\t\t\t\t\t\t\t\t<\/div>\n\t\t\t\t<\/div>\n\t\t\t\t<div class=\"elementor-element elementor-element-355059d elementor-widget elementor-widget-heading\" data-id=\"355059d\" data-element_type=\"widget\" data-widget_type=\"heading.default\">\n\t\t\t\t<div class=\"elementor-widget-container\">\n\t\t\t<h2 class=\"elementor-heading-title elementor-size-default\">Noticia <\/h2>\t\t<\/div>\n\t\t\t\t<\/div>\n\t\t\t\t<div class=\"elementor-element elementor-element-1ffe546 elementor-widget elementor-widget-heading\" data-id=\"1ffe546\" data-element_type=\"widget\" data-widget_type=\"heading.default\">\n\t\t\t\t<div class=\"elementor-widget-container\">\n\t\t\t<h2 class=\"elementor-heading-title elementor-size-default\">Darle Clic para m\u00e1s informaci\u00f3n <\/h2>\t\t<\/div>\n\t\t\t\t<\/div>\n\t\t\t\t<div class=\"elementor-element elementor-element-9c1d972 elementor-widget elementor-widget-posts\" data-id=\"9c1d972\" data-element_type=\"widget\" data-widget_type=\"posts.cards\">\n\t\t\t\t<div class=\"elementor-widget-container\">\n\t\t\t \t\t<\/div>\n\t\t\t\t<\/div>\n\t\t\t\t<div class=\"elementor-element elementor-element-2ab4727 elementor-widget elementor-widget-heading\" data-id=\"2ab4727\" data-element_type=\"widget\" data-widget_type=\"heading.default\">\n\t\t\t\t<div class=\"elementor-widget-container\">\n\t\t\t<h2 class=\"elementor-heading-title elementor-size-default\">Guanajuato y sus Pueblos M\u00e1gicos <\/h2>\t\t<\/div>\n\t\t\t\t<\/div>\n\t\t\t\t<div class=\"elementor-element elementor-element-9ebe577 elementor-widget elementor-widget-heading\" data-id=\"9ebe577\" data-element_type=\"widget\" data-widget_type=\"heading.default\">\n\t\t\t\t<div class=\"elementor-widget-container\">\n\t\t\t<h2 class=\"elementor-heading-title elementor-size-default\">Darle Clic para m\u00e1s informaci\u00f3n <\/h2>\t\t<\/div>\n\t\t\t\t<\/div>\n\t\t\t\t<div class=\"elementor-element elementor-element-c867833 elementor-widget elementor-widget-image\" data-id=\"c867833\" data-element_type=\"widget\" data-widget_type=\"image.default\">\n\t\t\t\t<div class=\"elementor-widget-container\">\n\t\t\t\t\t\t\t\t\t\t\t\t\t\t<a href=\"https:\/\/sectur.guanajuato.gob.mx\/documentos\/biblioteca\/Folletos-Guanajuato-y-sus-pueblos-magicos\/Comonfort-GTO-digital.pdf#toolbar=0\">\n\t\t\t\t\t\t\t<img fetchpriority=\"high\" decoding=\"async\" width=\"960\" height=\"1396\" src=\"https:\/\/turismo.comonfort.gob.mx\/wp-content\/uploads\/2023\/06\/COMONFORT-FOLLETO.png\" class=\"attachment-full size-full wp-image-2776\" alt=\"\" srcset=\"https:\/\/turismo.comonfort.gob.mx\/wp-content\/uploads\/2023\/06\/COMONFORT-FOLLETO.png 960w, https:\/\/turismo.comonfort.gob.mx\/wp-content\/uploads\/2023\/06\/COMONFORT-FOLLETO-206x300.png 206w, https:\/\/turismo.comonfort.gob.mx\/wp-content\/uploads\/2023\/06\/COMONFORT-FOLLETO-704x1024.png 704w, https:\/\/turismo.comonfort.gob.mx\/wp-content\/uploads\/2023\/06\/COMONFORT-FOLLETO-768x1117.png 768w\" sizes=\"100vw\" \/>\t\t\t\t\t\t\t\t<\/a>\n\t\t\t\t\t\t\t\t\t\t\t\t\t<\/div>\n\t\t\t\t<\/div>\n\t\t\t\t<div class=\"elementor-element elementor-element-a2f5f6a elementor-widget elementor-widget-heading\" data-id=\"a2f5f6a\" data-element_type=\"widget\" data-widget_type=\"heading.default\">\n\t\t\t\t<div class=\"elementor-widget-container\">\n\t\t\t<h2 class=\"elementor-heading-title elementor-size-default\">Boletines del Archivo Hist\u00f3rico Municipal<\/h2>\t\t<\/div>\n\t\t\t\t<\/div>\n\t\t\t\t<div class=\"elementor-element elementor-element-092a22e elementor-widget elementor-widget-heading\" data-id=\"092a22e\" data-element_type=\"widget\" data-widget_type=\"heading.default\">\n\t\t\t\t<div class=\"elementor-widget-container\">\n\t\t\t<h2 class=\"elementor-heading-title elementor-size-default\">Darle Clic para m\u00e1s informaci\u00f3n <\/h2>\t\t<\/div>\n\t\t\t\t<\/div>\n\t\t\t\t<div class=\"elementor-element elementor-element-480d7ee elementor-widget elementor-widget-image\" data-id=\"480d7ee\" data-element_type=\"widget\" data-widget_type=\"image.default\">\n\t\t\t\t<div class=\"elementor-widget-container\">\n\t\t\t\t\t\t\t\t\t\t\t\t\t\t<a href=\"http:\/\/www.comonfort.gob.mx\/boletines\/Bolet%C3%ADn-Chamacuero-Nueva-Epoca-3\/mobile\/index.html\">\n\t\t\t\t\t\t\t<img decoding=\"async\" width=\"509\" height=\"788\" src=\"https:\/\/turismo.comonfort.gob.mx\/wp-content\/uploads\/2023\/12\/Sin-titulo019.png\" class=\"attachment-large size-large wp-image-2971\" alt=\"\" srcset=\"https:\/\/turismo.comonfort.gob.mx\/wp-content\/uploads\/2023\/12\/Sin-titulo019.png 509w, https:\/\/turismo.comonfort.gob.mx\/wp-content\/uploads\/2023\/12\/Sin-titulo019-194x300.png 194w\" sizes=\"100vw\" \/>\t\t\t\t\t\t\t\t<\/a>\n\t\t\t\t\t\t\t\t\t\t\t\t\t<\/div>\n\t\t\t\t<\/div>\n\t\t\t\t<div class=\"elementor-element elementor-element-6b89348 elementor-widget elementor-widget-heading\" data-id=\"6b89348\" data-element_type=\"widget\" data-widget_type=\"heading.default\">\n\t\t\t\t<div class=\"elementor-widget-container\">\n\t\t\t<h2 class=\"elementor-heading-title elementor-size-default\">Darle Clic para m\u00e1s informaci\u00f3n <\/h2>\t\t<\/div>\n\t\t\t\t<\/div>\n\t\t\t\t<div class=\"elementor-element elementor-element-3d533ce elementor-widget elementor-widget-image\" data-id=\"3d533ce\" data-element_type=\"widget\" data-widget_type=\"image.default\">\n\t\t\t\t<div class=\"elementor-widget-container\">\n\t\t\t\t\t\t\t\t\t\t\t\t\t\t<a href=\"http:\/\/www.comonfort.gob.mx\/boletines\/chamacuero%20nueva%20epoca%202\/mobile\/index.html\">\n\t\t\t\t\t\t\t<img decoding=\"async\" width=\"417\" height=\"649\" src=\"https:\/\/turismo.comonfort.gob.mx\/wp-content\/uploads\/2023\/04\/02012vol.jpg\" class=\"attachment-large size-large wp-image-2748\" alt=\"\" srcset=\"https:\/\/turismo.comonfort.gob.mx\/wp-content\/uploads\/2023\/04\/02012vol.jpg 417w, https:\/\/turismo.comonfort.gob.mx\/wp-content\/uploads\/2023\/04\/02012vol-193x300.jpg 193w\" sizes=\"100vw\" \/>\t\t\t\t\t\t\t\t<\/a>\n\t\t\t\t\t\t\t\t\t\t\t\t\t<\/div>\n\t\t\t\t<\/div>\n\t\t\t\t<div class=\"elementor-element elementor-element-b8ab890 elementor-widget elementor-widget-heading\" data-id=\"b8ab890\" data-element_type=\"widget\" data-widget_type=\"heading.default\">\n\t\t\t\t<div class=\"elementor-widget-container\">\n\t\t\t<h2 class=\"elementor-heading-title elementor-size-default\">Darle Clic para m\u00e1s informaci\u00f3n <\/h2>\t\t<\/div>\n\t\t\t\t<\/div>\n\t\t\t\t<div class=\"elementor-element elementor-element-64d93ec elementor-widget elementor-widget-image\" data-id=\"64d93ec\" data-element_type=\"widget\" data-widget_type=\"image.default\">\n\t\t\t\t<div class=\"elementor-widget-container\">\n\t\t\t\t\t\t\t\t\t\t\t\t\t\t<a href=\"http:\/\/comonfort.gob.mx\/boletines\/Boletin_chamacuero_nueva_epoca\/mobile\/index.html\">\n\t\t\t\t\t\t\t<img loading=\"lazy\" decoding=\"async\" width=\"525\" height=\"811\" src=\"https:\/\/turismo.comonfort.gob.mx\/wp-content\/uploads\/2022\/10\/Boletin_chamacuero_nueva_epoca-663x1024.jpg\" class=\"attachment-large size-large wp-image-2607\" alt=\"\" srcset=\"https:\/\/turismo.comonfort.gob.mx\/wp-content\/uploads\/2022\/10\/Boletin_chamacuero_nueva_epoca-663x1024.jpg 663w, https:\/\/turismo.comonfort.gob.mx\/wp-content\/uploads\/2022\/10\/Boletin_chamacuero_nueva_epoca-194x300.jpg 194w, https:\/\/turismo.comonfort.gob.mx\/wp-content\/uploads\/2022\/10\/Boletin_chamacuero_nueva_epoca-768x1187.jpg 768w, https:\/\/turismo.comonfort.gob.mx\/wp-content\/uploads\/2022\/10\/Boletin_chamacuero_nueva_epoca-994x1536.jpg 994w, https:\/\/turismo.comonfort.gob.mx\/wp-content\/uploads\/2022\/10\/Boletin_chamacuero_nueva_epoca-1325x2048.jpg 1325w, https:\/\/turismo.comonfort.gob.mx\/wp-content\/uploads\/2022\/10\/Boletin_chamacuero_nueva_epoca.jpg 1650w\" sizes=\"100vw\" \/>\t\t\t\t\t\t\t\t<\/a>\n\t\t\t\t\t\t\t\t\t\t\t\t\t<\/div>\n\t\t\t\t<\/div>\n\t\t\t\t<div class=\"elementor-element elementor-element-c1ef644 elementor-widget elementor-widget-heading\" data-id=\"c1ef644\" data-element_type=\"widget\" data-widget_type=\"heading.default\">\n\t\t\t\t<div class=\"elementor-widget-container\">\n\t\t\t<h2 class=\"elementor-heading-title elementor-size-default\">Relatos y Leyendas de Comonfort<\/h2>\t\t<\/div>\n\t\t\t\t<\/div>\n\t\t\t\t<div class=\"elementor-element elementor-element-77ca481 elementor-widget elementor-widget-heading\" data-id=\"77ca481\" data-element_type=\"widget\" data-widget_type=\"heading.default\">\n\t\t\t\t<div class=\"elementor-widget-container\">\n\t\t\t<h2 class=\"elementor-heading-title elementor-size-default\">Darle Clic para m\u00e1s informaci\u00f3n <\/h2>\t\t<\/div>\n\t\t\t\t<\/div>\n\t\t\t\t<div class=\"elementor-element elementor-element-7cc91be elementor-widget elementor-widget-image\" data-id=\"7cc91be\" data-element_type=\"widget\" data-widget_type=\"image.default\">\n\t\t\t\t<div class=\"elementor-widget-container\">\n\t\t\t\t\t\t\t\t\t\t\t\t\t\t<a href=\"http:\/\/www.comonfort.gob.mx\/boletines\/Curvas-RELATOS-Y-LEYENDAS\/files\/mobile\/index.html\">\n\t\t\t\t\t\t\t<img loading=\"lazy\" decoding=\"async\" width=\"226\" height=\"350\" src=\"https:\/\/turismo.comonfort.gob.mx\/wp-content\/uploads\/2023\/12\/Curvas-RELATOS-Y-LEYENDAS.jpg\" class=\"attachment-large size-large wp-image-2956\" alt=\"\" srcset=\"https:\/\/turismo.comonfort.gob.mx\/wp-content\/uploads\/2023\/12\/Curvas-RELATOS-Y-LEYENDAS.jpg 226w, https:\/\/turismo.comonfort.gob.mx\/wp-content\/uploads\/2023\/12\/Curvas-RELATOS-Y-LEYENDAS-194x300.jpg 194w\" sizes=\"100vw\" \/>\t\t\t\t\t\t\t\t<\/a>\n\t\t\t\t\t\t\t\t\t\t\t\t\t<\/div>\n\t\t\t\t<\/div>\n\t\t\t\t<div class=\"elementor-element elementor-element-3cae345 elementor-widget elementor-widget-heading\" data-id=\"3cae345\" data-element_type=\"widget\" data-widget_type=\"heading.default\">\n\t\t\t\t<div class=\"elementor-widget-container\">\n\t\t\t<h2 class=\"elementor-heading-title elementor-size-default\">Darle Clic para m\u00e1s informaci\u00f3n <\/h2>\t\t<\/div>\n\t\t\t\t<\/div>\n\t\t\t\t<div class=\"elementor-element elementor-element-f5e751e elementor-widget elementor-widget-image\" data-id=\"f5e751e\" data-element_type=\"widget\" data-widget_type=\"image.default\">\n\t\t\t\t<div class=\"elementor-widget-container\">\n\t\t\t\t\t\t\t\t\t\t\t\t\t\t<a href=\"https:\/\/comonfort.gob.mx\/boletines\/Relatos_leyendas_comonfort\/mobile\/index.html\">\n\t\t\t\t\t\t\t<img loading=\"lazy\" decoding=\"async\" width=\"525\" height=\"806\" src=\"https:\/\/turismo.comonfort.gob.mx\/wp-content\/uploads\/2022\/10\/Relatos-Leyendas-Comonfort-667x1024.jpg\" class=\"attachment-large size-large wp-image-2608\" alt=\"\" srcset=\"https:\/\/turismo.comonfort.gob.mx\/wp-content\/uploads\/2022\/10\/Relatos-Leyendas-Comonfort-667x1024.jpg 667w, https:\/\/turismo.comonfort.gob.mx\/wp-content\/uploads\/2022\/10\/Relatos-Leyendas-Comonfort-195x300.jpg 195w, https:\/\/turismo.comonfort.gob.mx\/wp-content\/uploads\/2022\/10\/Relatos-Leyendas-Comonfort-768x1179.jpg 768w, https:\/\/turismo.comonfort.gob.mx\/wp-content\/uploads\/2022\/10\/Relatos-Leyendas-Comonfort.jpg 778w\" sizes=\"100vw\" \/>\t\t\t\t\t\t\t\t<\/a>\n\t\t\t\t\t\t\t\t\t\t\t\t\t<\/div>\n\t\t\t\t<\/div>\n\t\t\t\t\t<\/div>\n\t\t<\/div>\n\t\t\t\t\t<\/div>\n\t\t<\/section>\n\t\t\t\t<section class=\"elementor-section elementor-top-section elementor-element elementor-element-ac01967 elementor-section-boxed elementor-section-height-default elementor-section-height-default\" data-id=\"ac01967\" data-element_type=\"section\">\n\t\t\t\t\t\t<div class=\"elementor-container elementor-column-gap-default\">\n\t\t\t\t\t<div class=\"elementor-column elementor-col-100 elementor-top-column elementor-element elementor-element-88b80f9\" data-id=\"88b80f9\" data-element_type=\"column\">\n\t\t\t<div class=\"elementor-widget-wrap elementor-element-populated\">\n\t\t\t\t\t\t\t<\/div>\n\t\t<\/div>\n\t\t\t\t\t<\/div>\n\t\t<\/section>\n\t\t\t\t<section class=\"elementor-section elementor-top-section elementor-element elementor-element-d718d40 elementor-section-boxed elementor-section-height-default elementor-section-height-default\" data-id=\"d718d40\" data-element_type=\"section\">\n\t\t\t\t\t\t<div class=\"elementor-container elementor-column-gap-default\">\n\t\t\t\t\t<div class=\"elementor-column elementor-col-100 elementor-top-column elementor-element elementor-element-2b69e4b\" data-id=\"2b69e4b\" data-element_type=\"column\">\n\t\t\t<div class=\"elementor-widget-wrap elementor-element-populated\">\n\t\t\t\t\t\t\t<\/div>\n\t\t<\/div>\n\t\t\t\t\t<\/div>\n\t\t<\/section>\n\t\t\t\t<section class=\"elementor-section elementor-top-section elementor-element elementor-element-e2d6b2d elementor-section-boxed elementor-section-height-default elementor-section-height-default\" data-id=\"e2d6b2d\" data-element_type=\"section\">\n\t\t\t\t\t\t<div class=\"elementor-container elementor-column-gap-default\">\n\t\t\t\t\t<div class=\"elementor-column elementor-col-100 elementor-top-column elementor-element elementor-element-a2af87c\" data-id=\"a2af87c\" data-element_type=\"column\">\n\t\t\t<div class=\"elementor-widget-wrap\">\n\t\t\t\t\t\t\t<\/div>\n\t\t<\/div>\n\t\t\t\t\t<\/div>\n\t\t<\/section>\n\t\t\t\t<\/div>\n\t\t","protected":false},"excerpt":{"rendered":"<p>Biblioteca Digital Sum\u00e9rgete en la historia de Comonfort Conoce m\u00e1s del Pueblo M\u00e1gico Biblioteca Digital Darle Clic para m\u00e1s informaci\u00f3n Sum\u00e9rgete en la historia de Comonfort Biblioteca Digital Leer M\u00e1s Perfil del Visitante 2023 Darle Clic para m\u00e1s informaci\u00f3n Perfil del Visitante 2022 Darle Clic para m\u00e1s informaci\u00f3n Noticia Darle Clic para m\u00e1s informaci\u00f3n Guanajuato &hellip; <\/p>\n<p class=\"link-more\"><a href=\"https:\/\/turismo.comonfort.gob.mx\/?page_id=272\" class=\"more-link\">Continuar leyendo<span class=\"screen-reader-text\"> \u00abBiblioteca\u00bb<\/span><\/a><\/p>\n","protected":false},"author":1,"featured_media":0,"parent":0,"menu_order":0,"comment_status":"closed","ping_status":"closed","template":"elementor_header_footer","meta":{"footnotes":""},"_links":{"self":[{"href":"https:\/\/turismo.comonfort.gob.mx\/index.php?rest_route=\/wp\/v2\/pages\/272"}],"collection":[{"href":"https:\/\/turismo.comonfort.gob.mx\/index.php?rest_route=\/wp\/v2\/pages"}],"about":[{"href":"https:\/\/turismo.comonfort.gob.mx\/index.php?rest_route=\/wp\/v2\/types\/page"}],"author":[{"embeddable":true,"href":"https:\/\/turismo.comonfort.gob.mx\/index.php?rest_route=\/wp\/v2\/users\/1"}],"replies":[{"embeddable":true,"href":"https:\/\/turismo.comonfort.gob.mx\/index.php?rest_route=%2Fwp%2Fv2%2Fcomments&post=272"}],"version-history":[{"count":406,"href":"https:\/\/turismo.comonfort.gob.mx\/index.php?rest_route=\/wp\/v2\/pages\/272\/revisions"}],"predecessor-version":[{"id":3352,"href":"https:\/\/turismo.comonfort.gob.mx\/index.php?rest_route=\/wp\/v2\/pages\/272\/revisions\/3352"}],"wp:attachment":[{"href":"https:\/\/turismo.comonfort.gob.mx\/index.php?rest_route=%2Fwp%2Fv2%2Fmedia&parent=272"}],"curies":[{"name":"wp","href":"https:\/\/api.w.org\/{rel}","templated":true}]}}